{"id":2460,"date":"2018-10-09T11:24:34","date_gmt":"2018-10-09T11:24:34","guid":{"rendered":"https:\/\/www.flexfirst.nl\/home"},"modified":"2020-04-03T07:24:32","modified_gmt":"2020-04-03T07:24:32","slug":"home","status":"publish","type":"page","link":"https:\/\/www.flexfirst.nl\/pl\/","title":{"rendered":"Home"},"content":{"rendered":"","protected":false},"excerpt":{"rendered":"","protected":false},"author":1,"featured_media":2461,"parent":0,"menu_order":0,"comment_status":"closed","ping_status":"closed","template":"","meta":{"_acf_changed":false,"footnotes":""},"class_list":["post-2460","page","type-page","status-publish","has-post-thumbnail","hentry"],"acf":[],"yoast_head":"<!-- This site is optimized with the Yoast SEO plugin v27.3 - https:\/\/yoast.com\/product\/yoast-seo-wordpress\/ -->\n<title>FlexFirst BV - Biuro po\u015brednictwa pracy tymczasowej<\/title>\n<meta name=\"description\" content=\"Jeste\u015bmy FlexFirst, przedsi\u0119biorc\u0105 z sercem i dusz\u0105. Dobrym partnerem w znalezieniu pracy odpowiednio dopasowanej do Ciebie.\" \/>\n<meta name=\"robots\" content=\"index, follow, max-snippet:-1, max-image-preview:large, max-video-preview:-1\" \/>\n<link rel=\"canonical\" href=\"https:\/\/www.flexfirst.nl\/pl\/\" \/>\n<meta property=\"og:locale\" content=\"pl_PL\" \/>\n<meta property=\"og:type\" content=\"article\" \/>\n<meta property=\"og:title\" content=\"FlexFirst BV - Biuro po\u015brednictwa pracy tymczasowej\" \/>\n<meta property=\"og:description\" content=\"Jeste\u015bmy FlexFirst, przedsi\u0119biorc\u0105 z sercem i dusz\u0105. Dobrym partnerem w znalezieniu pracy odpowiednio dopasowanej do Ciebie.\" \/>\n<meta property=\"og:url\" content=\"https:\/\/www.flexfirst.nl\/pl\/\" \/>\n<meta property=\"og:site_name\" content=\"FlexFirst\" \/>\n<meta property=\"article:publisher\" content=\"https:\/\/www.facebook.com\/FlexFirstBV\" \/>\n<meta property=\"article:modified_time\" content=\"2020-04-03T07:24:32+00:00\" \/>\n<meta property=\"og:image\" content=\"https:\/\/www.flexfirst.nl\/wp-content\/uploads\/2019\/04\/achievement-adult-agreement-1391373-e1557391222699.jpg\" \/>\n\t<meta property=\"og:image:width\" content=\"2500\" \/>\n\t<meta property=\"og:image:height\" content=\"1621\" \/>\n\t<meta property=\"og:image:type\" content=\"image\/jpeg\" \/>\n<meta name=\"twitter:card\" content=\"summary_large_image\" \/>\n<script type=\"application\/ld+json\" class=\"yoast-schema-graph\">{\"@context\":\"https:\\\/\\\/schema.org\",\"@graph\":[{\"@type\":\"WebPage\",\"@id\":\"https:\\\/\\\/www.flexfirst.nl\\\/pl\\\/\",\"url\":\"https:\\\/\\\/www.flexfirst.nl\\\/pl\\\/\",\"name\":\"FlexFirst BV - Biuro po\u015brednictwa pracy tymczasowej\",\"isPartOf\":{\"@id\":\"https:\\\/\\\/www.flexfirst.nl\\\/#website\"},\"primaryImageOfPage\":{\"@id\":\"https:\\\/\\\/www.flexfirst.nl\\\/pl\\\/#primaryimage\"},\"image\":{\"@id\":\"https:\\\/\\\/www.flexfirst.nl\\\/pl\\\/#primaryimage\"},\"thumbnailUrl\":\"https:\\\/\\\/www.flexfirst.nl\\\/wp-content\\\/uploads\\\/2019\\\/04\\\/achievement-adult-agreement-1391373-e1557391222699.jpg\",\"datePublished\":\"2018-10-09T11:24:34+00:00\",\"dateModified\":\"2020-04-03T07:24:32+00:00\",\"description\":\"Jeste\u015bmy FlexFirst, przedsi\u0119biorc\u0105 z sercem i dusz\u0105. Dobrym partnerem w znalezieniu pracy odpowiednio dopasowanej do Ciebie.\",\"breadcrumb\":{\"@id\":\"https:\\\/\\\/www.flexfirst.nl\\\/pl\\\/#breadcrumb\"},\"inLanguage\":\"pl-PL\",\"potentialAction\":[{\"@type\":\"ReadAction\",\"target\":[\"https:\\\/\\\/www.flexfirst.nl\\\/pl\\\/\"]}]},{\"@type\":\"ImageObject\",\"inLanguage\":\"pl-PL\",\"@id\":\"https:\\\/\\\/www.flexfirst.nl\\\/pl\\\/#primaryimage\",\"url\":\"https:\\\/\\\/www.flexfirst.nl\\\/wp-content\\\/uploads\\\/2019\\\/04\\\/achievement-adult-agreement-1391373-e1557391222699.jpg\",\"contentUrl\":\"https:\\\/\\\/www.flexfirst.nl\\\/wp-content\\\/uploads\\\/2019\\\/04\\\/achievement-adult-agreement-1391373-e1557391222699.jpg\",\"width\":2500,\"height\":1621,\"caption\":\"Over FlexFirst\"},{\"@type\":\"BreadcrumbList\",\"@id\":\"https:\\\/\\\/www.flexfirst.nl\\\/pl\\\/#breadcrumb\",\"itemListElement\":[{\"@type\":\"ListItem\",\"position\":1,\"name\":\"Home\",\"item\":\"https:\\\/\\\/www.flexfirst.nl\\\/pl\\\/\"},{\"@type\":\"ListItem\",\"position\":2,\"name\":\"Home\"}]},{\"@type\":\"WebSite\",\"@id\":\"https:\\\/\\\/www.flexfirst.nl\\\/#website\",\"url\":\"https:\\\/\\\/www.flexfirst.nl\\\/\",\"name\":\"FlexFirst\",\"description\":\"Sterk in uw regio!\",\"publisher\":{\"@id\":\"https:\\\/\\\/www.flexfirst.nl\\\/#organization\"},\"potentialAction\":[{\"@type\":\"SearchAction\",\"target\":{\"@type\":\"EntryPoint\",\"urlTemplate\":\"https:\\\/\\\/www.flexfirst.nl\\\/?s={search_term_string}\"},\"query-input\":{\"@type\":\"PropertyValueSpecification\",\"valueRequired\":true,\"valueName\":\"search_term_string\"}}],\"inLanguage\":\"pl-PL\"},{\"@type\":\"Organization\",\"@id\":\"https:\\\/\\\/www.flexfirst.nl\\\/#organization\",\"name\":\"FlexFirst\",\"url\":\"https:\\\/\\\/www.flexfirst.nl\\\/\",\"logo\":{\"@type\":\"ImageObject\",\"inLanguage\":\"pl-PL\",\"@id\":\"https:\\\/\\\/www.flexfirst.nl\\\/#\\\/schema\\\/logo\\\/image\\\/\",\"url\":\"https:\\\/\\\/www.flexfirst.nl\\\/wp-content\\\/uploads\\\/2021\\\/11\\\/FlexFirst_logo-origineel_witkader.jpg\",\"contentUrl\":\"https:\\\/\\\/www.flexfirst.nl\\\/wp-content\\\/uploads\\\/2021\\\/11\\\/FlexFirst_logo-origineel_witkader.jpg\",\"width\":659,\"height\":325,\"caption\":\"FlexFirst\"},\"image\":{\"@id\":\"https:\\\/\\\/www.flexfirst.nl\\\/#\\\/schema\\\/logo\\\/image\\\/\"},\"sameAs\":[\"https:\\\/\\\/www.facebook.com\\\/FlexFirstBV\",\"https:\\\/\\\/www.instagram.com\\\/flexfirstbv\\\/\",\"https:\\\/\\\/www.linkedin.com\\\/company\\\/flexfirstbv\\\/\"]}]}<\/script>\n<!-- \/ Yoast SEO plugin. -->","yoast_head_json":{"title":"FlexFirst BV - Biuro po\u015brednictwa pracy tymczasowej","description":"Jeste\u015bmy FlexFirst, przedsi\u0119biorc\u0105 z sercem i dusz\u0105. Dobrym partnerem w znalezieniu pracy odpowiednio dopasowanej do Ciebie.","robots":{"index":"index","follow":"follow","max-snippet":"max-snippet:-1","max-image-preview":"max-image-preview:large","max-video-preview":"max-video-preview:-1"},"canonical":"https:\/\/www.flexfirst.nl\/pl\/","og_locale":"pl_PL","og_type":"article","og_title":"FlexFirst BV - Biuro po\u015brednictwa pracy tymczasowej","og_description":"Jeste\u015bmy FlexFirst, przedsi\u0119biorc\u0105 z sercem i dusz\u0105. Dobrym partnerem w znalezieniu pracy odpowiednio dopasowanej do Ciebie.","og_url":"https:\/\/www.flexfirst.nl\/pl\/","og_site_name":"FlexFirst","article_publisher":"https:\/\/www.facebook.com\/FlexFirstBV","article_modified_time":"2020-04-03T07:24:32+00:00","og_image":[{"width":2500,"height":1621,"url":"https:\/\/www.flexfirst.nl\/wp-content\/uploads\/2019\/04\/achievement-adult-agreement-1391373-e1557391222699.jpg","type":"image\/jpeg"}],"twitter_card":"summary_large_image","schema":{"@context":"https:\/\/schema.org","@graph":[{"@type":"WebPage","@id":"https:\/\/www.flexfirst.nl\/pl\/","url":"https:\/\/www.flexfirst.nl\/pl\/","name":"FlexFirst BV - Biuro po\u015brednictwa pracy tymczasowej","isPartOf":{"@id":"https:\/\/www.flexfirst.nl\/#website"},"primaryImageOfPage":{"@id":"https:\/\/www.flexfirst.nl\/pl\/#primaryimage"},"image":{"@id":"https:\/\/www.flexfirst.nl\/pl\/#primaryimage"},"thumbnailUrl":"https:\/\/www.flexfirst.nl\/wp-content\/uploads\/2019\/04\/achievement-adult-agreement-1391373-e1557391222699.jpg","datePublished":"2018-10-09T11:24:34+00:00","dateModified":"2020-04-03T07:24:32+00:00","description":"Jeste\u015bmy FlexFirst, przedsi\u0119biorc\u0105 z sercem i dusz\u0105. Dobrym partnerem w znalezieniu pracy odpowiednio dopasowanej do Ciebie.","breadcrumb":{"@id":"https:\/\/www.flexfirst.nl\/pl\/#breadcrumb"},"inLanguage":"pl-PL","potentialAction":[{"@type":"ReadAction","target":["https:\/\/www.flexfirst.nl\/pl\/"]}]},{"@type":"ImageObject","inLanguage":"pl-PL","@id":"https:\/\/www.flexfirst.nl\/pl\/#primaryimage","url":"https:\/\/www.flexfirst.nl\/wp-content\/uploads\/2019\/04\/achievement-adult-agreement-1391373-e1557391222699.jpg","contentUrl":"https:\/\/www.flexfirst.nl\/wp-content\/uploads\/2019\/04\/achievement-adult-agreement-1391373-e1557391222699.jpg","width":2500,"height":1621,"caption":"Over FlexFirst"},{"@type":"BreadcrumbList","@id":"https:\/\/www.flexfirst.nl\/pl\/#breadcrumb","itemListElement":[{"@type":"ListItem","position":1,"name":"Home","item":"https:\/\/www.flexfirst.nl\/pl\/"},{"@type":"ListItem","position":2,"name":"Home"}]},{"@type":"WebSite","@id":"https:\/\/www.flexfirst.nl\/#website","url":"https:\/\/www.flexfirst.nl\/","name":"FlexFirst","description":"Sterk in uw regio!","publisher":{"@id":"https:\/\/www.flexfirst.nl\/#organization"},"potentialAction":[{"@type":"SearchAction","target":{"@type":"EntryPoint","urlTemplate":"https:\/\/www.flexfirst.nl\/?s={search_term_string}"},"query-input":{"@type":"PropertyValueSpecification","valueRequired":true,"valueName":"search_term_string"}}],"inLanguage":"pl-PL"},{"@type":"Organization","@id":"https:\/\/www.flexfirst.nl\/#organization","name":"FlexFirst","url":"https:\/\/www.flexfirst.nl\/","logo":{"@type":"ImageObject","inLanguage":"pl-PL","@id":"https:\/\/www.flexfirst.nl\/#\/schema\/logo\/image\/","url":"https:\/\/www.flexfirst.nl\/wp-content\/uploads\/2021\/11\/FlexFirst_logo-origineel_witkader.jpg","contentUrl":"https:\/\/www.flexfirst.nl\/wp-content\/uploads\/2021\/11\/FlexFirst_logo-origineel_witkader.jpg","width":659,"height":325,"caption":"FlexFirst"},"image":{"@id":"https:\/\/www.flexfirst.nl\/#\/schema\/logo\/image\/"},"sameAs":["https:\/\/www.facebook.com\/FlexFirstBV","https:\/\/www.instagram.com\/flexfirstbv\/","https:\/\/www.linkedin.com\/company\/flexfirstbv\/"]}]}},"_links":{"self":[{"href":"https:\/\/www.flexfirst.nl\/pl\/wp-json\/wp\/v2\/pages\/2460","targetHints":{"allow":["GET"]}}],"collection":[{"href":"https:\/\/www.flexfirst.nl\/pl\/wp-json\/wp\/v2\/pages"}],"about":[{"href":"https:\/\/www.flexfirst.nl\/pl\/wp-json\/wp\/v2\/types\/page"}],"author":[{"embeddable":true,"href":"https:\/\/www.flexfirst.nl\/pl\/wp-json\/wp\/v2\/users\/1"}],"replies":[{"embeddable":true,"href":"https:\/\/www.flexfirst.nl\/pl\/wp-json\/wp\/v2\/comments?post=2460"}],"version-history":[{"count":18,"href":"https:\/\/www.flexfirst.nl\/pl\/wp-json\/wp\/v2\/pages\/2460\/revisions"}],"predecessor-version":[{"id":7305,"href":"https:\/\/www.flexfirst.nl\/pl\/wp-json\/wp\/v2\/pages\/2460\/revisions\/7305"}],"wp:featuredmedia":[{"embeddable":true,"href":"https:\/\/www.flexfirst.nl\/pl\/wp-json\/wp\/v2\/media\/2461"}],"wp:attachment":[{"href":"https:\/\/www.flexfirst.nl\/pl\/wp-json\/wp\/v2\/media?parent=2460"}],"curies":[{"name":"wp","href":"https:\/\/api.w.org\/{rel}","templated":true}]}}